{"id":803,"date":"2021-04-21T12:27:28","date_gmt":"2021-04-21T10:27:28","guid":{"rendered":"https:\/\/children-capital.eu\/the-world-of-children\/"},"modified":"2021-04-21T12:27:42","modified_gmt":"2021-04-21T10:27:42","slug":"the-world-of-children","status":"publish","type":"page","link":"https:\/\/children-capital.eu\/en\/the-world-of-children\/","title":{"rendered":"The World of Children"},"content":{"rendered":"<div id='av-layout-grid-1'  class='av-layout-grid-container entry-content-wrapper main_color av-flex-cells   av-medium-hide av-small-hide av-mini-hide   avia-builder-el-0  el_before_av_slideshow_full  avia-builder-el-first  av-cell-min-height av-cell-min-height-50 container_wrap sidebar_right' style=' '   data-av_minimum_height_pc='50'>\n<div class=\"flex_cell no_margin av_one_third  avia-builder-el-1  el_before_av_cell_one_third  avia-builder-el-first   avia-full-stretch \"  style='background:url(https:\/\/children-capital.eu\/wp-content\/uploads\/2021\/01\/full-shot-kids-playing-outdoors.jpg) center center no-repeat scroll; vertical-align:middle; padding:30px; ' ><div class='flex_cell_inner' ><\/div><\/div><div class=\"flex_cell no_margin av_one_third  avia-builder-el-2  el_after_av_cell_one_third  el_before_av_cell_one_third   avia-full-stretch \"  style='background:url(https:\/\/children-capital.eu\/wp-content\/uploads\/2021\/01\/classmates-friends-bag-school-education.jpg) center center no-repeat scroll; vertical-align:middle; padding:30px; ' ><div class='flex_cell_inner' ><\/div><\/div><div class=\"flex_cell no_margin av_one_third  avia-builder-el-3  el_after_av_cell_one_third  avia-builder-el-last   avia-full-stretch \"  style='background:url(https:\/\/children-capital.eu\/wp-content\/uploads\/2021\/01\/artem-kniaz-DqgMHzeio7g-unsplash.jpg) center center no-repeat scroll; vertical-align:top; padding:30px; ' ><div class='flex_cell_inner' ><\/div><\/div>\n<\/div>\n<div id='full_slider_1'  class='avia-fullwidth-slider main_color avia-shadow  av-desktop-hide  avia-builder-el-4  el_after_av_layout_row  el_before_av_submenu   slider-not-first container_wrap sidebar_right' style=' '  ><div   data-size='no scaling'  data-lightbox_size='large'  data-animation='slide'  data-conditional_play=''  data-ids='335'  data-video_counter='0'  data-autoplay='false'  data-bg_slider='false'  data-slide_height=''  data-handle='av_slideshow_full'  data-interval='5'  data-class=' '  data-el_id=''  data-css_id=''  data-scroll_down=''  data-control_layout='av-control-default'  data-custom_markup=''  data-perma_caption=''  data-autoplay_stopper=''  data-image_attachment=''  data-min_height='0px'  data-lazy_loading='disabled'  data-src=''  data-position='top left'  data-repeat='no-repeat'  data-attach='scroll'  data-stretch=''  class='avia-slideshow avia-slideshow-1  av-control-default av-default-height-applied avia-slideshow-no scaling av_slideshow_full   avia-slide-slider '  itemprop=\"image\" itemscope=\"itemscope\" itemtype=\"https:\/\/schema.org\/ImageObject\" ><ul class='avia-slideshow-inner ' style='padding-bottom: 71.4453125%;' ><li  class=' av-single-slide slide-1 ' ><div data-rel='slideshow-1' class='avia-slide-wrap '   ><img class=\"wp-image-676 avia-img-lazy-loading-not-676\"  src=\"https:\/\/children-capital.eu\/wp-content\/uploads\/2021\/01\/full-shot-kids-playing-outdoors.jpg\" width=\"2560\" height=\"1829\" title='Kids playing outdoor' alt=''  itemprop=\"thumbnailUrl\" srcset=\"https:\/\/children-capital.eu\/wp-content\/uploads\/2021\/01\/full-shot-kids-playing-outdoors.jpg 2560w, https:\/\/children-capital.eu\/wp-content\/uploads\/2021\/01\/full-shot-kids-playing-outdoors-300x214.jpg 300w, https:\/\/children-capital.eu\/wp-content\/uploads\/2021\/01\/full-shot-kids-playing-outdoors-1030x736.jpg 1030w, https:\/\/children-capital.eu\/wp-content\/uploads\/2021\/01\/full-shot-kids-playing-outdoors-768x549.jpg 768w, https:\/\/children-capital.eu\/wp-content\/uploads\/2021\/01\/full-shot-kids-playing-outdoors-1536x1097.jpg 1536w, https:\/\/children-capital.eu\/wp-content\/uploads\/2021\/01\/full-shot-kids-playing-outdoors-2048x1463.jpg 2048w, https:\/\/children-capital.eu\/wp-content\/uploads\/2021\/01\/full-shot-kids-playing-outdoors-1500x1072.jpg 1500w, https:\/\/children-capital.eu\/wp-content\/uploads\/2021\/01\/full-shot-kids-playing-outdoors-260x185.jpg 260w, https:\/\/children-capital.eu\/wp-content\/uploads\/2021\/01\/full-shot-kids-playing-outdoors-705x504.jpg 705w\" sizes=\"(max-width: 2560px) 100vw, 2560px\" \/><\/div><\/li><\/ul><\/div><\/div>\n<div class='clear'><\/div><div id='sub_menu1'  class='av-submenu-container main_color  avia-builder-el-5  el_after_av_slideshow_full  el_before_av_one_full  av-sticky-submenu  submenu-not-first container_wrap sidebar_right' style='  z-index:301' ><div class='container av-menu-mobile-disabled '><ul id='av-custom-submenu-1' class='av-subnav-menu av-submenu-pos-center'>\n<li class='menu-item menu-item-top-level av-menu-button av-menu-button-colored menu-item-top-level-1'><a href='https:\/\/children-capital.eu\/die-idee\/' ><span class='avia-bullet'><\/span><span class='avia-menu-text'>Our Vision<\/span><\/a><\/li>\n<li class='menu-item menu-item-top-level av-menu-button av-menu-button-colored menu-item-top-level-2'><a href='https:\/\/children-capital.eu\/en\/the-world-of-children\/' ><span class='avia-bullet'><\/span><span class='avia-menu-text'>The World of Children<\/span><\/a><\/li>\n<li class='menu-item menu-item-top-level av-menu-button av-menu-button-colored menu-item-top-level-3'><a href='https:\/\/children-capital.eu\/en\/the-european-childrens-capital\/' ><span class='avia-bullet'><\/span><span class='avia-menu-text'>Children\u2019s Capital for Europe<\/span><\/a><\/li>\n<li class='menu-item menu-item-top-level av-menu-button av-menu-button-colored menu-item-top-level-4'><a href='https:\/\/children-capital.eu\/en\/10-gruende-fuer-eine-europaeische-kinderhauptstadt\/' ><span class='avia-bullet'><\/span><span class='avia-menu-text'>10 Reasons<\/span><\/a><\/li>\n<\/ul><\/div><\/div><div class='sticky_placeholder'><\/div><div id='after_submenu'  class='main_color av_default_container_wrap container_wrap sidebar_right' style=' '  ><div class='container' ><div class='template-page content  av-content-small alpha units'><div class='post-entry post-entry-type-page post-entry-803'><div class='entry-content-wrapper clearfix'>\n<div class=\"flex_column av_one_full  flex_column_div first  avia-builder-el-6  el_after_av_submenu  el_before_av_one_fifth  avia-builder-el-first  \" style='padding:0px 0px 0px 150px ; border-radius:0px; '><p><div  style='height:20px' class='hr hr-invisible   avia-builder-el-7  el_before_av_textblock  avia-builder-el-first '><span class='hr-inner ' ><span class='hr-inner-style'><\/span><\/span><\/div><br \/>\n<section class=\"av_textblock_section  av-medium-hide av-small-hide av-mini-hide\"  itemscope=\"itemscope\" itemtype=\"https:\/\/schema.org\/CreativeWork\" ><div class='avia_textblock  av_inherit_color '  style='color:#213b85; '  itemprop=\"text\" ><h1 style=\"font-size: 4vw;\">The World of Children<\/h1>\n<\/div><\/section><\/p><\/div><div class=\"flex_column av_one_fifth  av-hide-on-mobile  flex_column_div av-zero-column-padding first  avia-builder-el-9  el_after_av_one_full  el_before_av_three_fifth  column-top-margin\" style='border-radius:0px; '><\/div><\/p>\n<div class=\"flex_column av_three_fifth  flex_column_div av-zero-column-padding   avia-builder-el-10  el_after_av_one_fifth  el_before_av_one_fifth  column-top-margin\" style='border-radius:0px; '><section class=\"av_textblock_section  av-desktop-hide\"  itemscope=\"itemscope\" itemtype=\"https:\/\/schema.org\/CreativeWork\" ><div class='avia_textblock  av_inherit_color '  style='color:#213b85; '  itemprop=\"text\" ><h1 style=\"font-size: 40px;\">Die Welt der Kin\u00adder<\/h1>\n<\/div><\/section><br \/>\n<section class=\"av_textblock_section \"  itemscope=\"itemscope\" itemtype=\"https:\/\/schema.org\/CreativeWork\" ><div class='avia_textblock  '   itemprop=\"text\" ><p>Im Jahr 1989 hat die inter\u00adnationale Staaten\u00adgemein\u00adschaft mit der Kinder\u00adrechts\u00adkonvention der Vereinten Nationen (UN-KRK) der Erkennt\u00adnis Rechnung getragen, dass die Rechte von Kindern besonders gef\u00e4hrdet sind und Kinder ihre Rechte nicht in derselben Weise durch\u00adsetzen k\u00f6nnen wie Erwachsene: Kinder sind in hohem Ma\u00dfe schutz\u00adw\u00fcrdig und ben\u00f6tigen daher verschiedene Formen der indivi\u00adduellen F\u00f6rderung und Unter\u00adst\u00fctzung.<\/p>\n<p>Mit der Einrichtung einer euro\u00adp\u00e4ischen Kinder\u00adhaupt\u00adstadt w\u00fcrde Europa ein welt\u00adweites Zeichen setzen, dass der Kontinent es mit der F\u00f6rderung und Unter\u00adst\u00fctzung seiner Kinder \u2013 und seiner Zukunft \u2013 ernst meint.<\/p>\n<p>Richt\u00adlinien f\u00fcr die Bewerber\u00adst\u00e4dte k\u00f6nnten dabei die f\u00fcnf Themen\u00adbereiche Leben, Gesundheit, Bildung, Schutz und Kinder\u00adrechts\u00adumfeld des Kids\u00adRights Index sein, mit denen j\u00e4hrlich die Ein\u00adhaltung und Aus\u00adstattung der L\u00e4nder zur Verbes\u00adserung der Kinder\u00adrechte bewertet werden.<\/p>\n<p>In Deutschland hat im Dezember 2019 das Kinder\u00adhilfs\u00adwerk mit dem Kinder\u00adrechte-Index erst\u00admals die Umsetzung von Kinder\u00adrechten in den 16 Bundes\u00adl\u00e4ndern \u00fcberpr\u00fcft. Und zwar anhand von den sieben Indikatoren:<\/p>\n<ol>\n<li><strong>Vorrang des Kindes\u00adwohls<\/strong><br \/>\n(Art. 3 Abs. 1 UN-KRK: Und zwar bei allen Ma\u00df\u00adnahmen, die Kinder betreffen, gleich\u00adviel ob sie von \u00f6ffentlichen oder privaten Ein\u00adrichtungen der sozialen F\u00fcrsorge, Gerichten, Verwaltungs\u00adbeh\u00f6rden oder Gesetz\u00adgebungs\u00adorganen getroffen werden, ist das Wohl des Kindes ein Gesichts\u00adpunkt, der vor\u00adrangig zu ber\u00fcck\u00adsichtigen ist).<\/li>\n<li><strong>Recht auf Beteiligung<\/strong><br \/>\n(Artikel 12 UN-KRK: (1) Die Vertrags\u00adstaaten sichern dem Kind, das f\u00e4hig ist, sich eine eigene Meinung zu bilden, das Recht zu, diese Meinung in allen das Kind ber\u00fchrenden An\u00adgelegen\u00adheiten frei zu \u00e4u\u00dfern, und ber\u00fcck\u00adsichtigen die Meinung des Kindes ange\u00admes\u00adsen und ent\u00adsprechend seinem Alter und seiner Reife. (2) Zu diesem Zweck wird dem Kind insbe\u00adsondere Gelegen\u00adheit gegeben, in allen das Kind ber\u00fchren\u00adden Gerichts- oder Verwaltungs\u00adverfahren ent\u00adweder unmit\u00adtel\u00adbar oder durch einen Ver\u00adtreter oder eine geeignete Stelle im Ein\u00adklang mit den inner\u00adstaatlichen Verfahrens\u00advorschrift\u00aden geh\u00f6rt zu werden).<\/li>\n<li><strong>Recht auf Gesund\u00adheit (Zugang zum Gesund\u00adheits\u00adsystem, Pr\u00e4vention und Gesundheitsf\u00f6rderung).<\/strong><\/li>\n<li><strong>Recht auf an\u00adgemessenen Lebens\u00adstandard (f\u00fcr eine k\u00f6rper\u00adliche, geistige, seelische, sittliche und soziale Ent\u00adwicklung des Kindes).<\/strong><\/li>\n<li><strong>Recht auf Bildung (Verwirk\u00adlichung von Chancen\u00adgleich\u00adheit sowie Bildungs\u00adinhalte und -ziele).<\/strong><\/li>\n<li><strong>Recht auf Ruhe und Freizeit, Spiel und Erholung sowie freie Teil\u00adnahme am kultur\u00adellen und k\u00fcnstler\u00adischen Leben.<\/strong><\/li>\n<li><strong>Recht auf Schutz vor Gewalt (Fr\u00fche Hilfen und pr\u00e4ven\u00adtiver Kinderschutz).<\/strong><\/li>\n<\/ol>\n<p>Diese Indikatoren sollten eine Art Handlungs\u00adanleitung f\u00fcr Bewerber\u00adst\u00e4dte sein.<\/p>\n<\/div><\/section><\/p><\/div><div class=\"flex_column av_one_fifth  av-hide-on-mobile  flex_column_div av-zero-column-padding   avia-builder-el-13  el_after_av_three_fifth  el_before_av_slideshow_full  avia-builder-el-last  column-top-margin\" style='border-radius:0px; '><\/div><\/p>\n<\/div><\/div><\/div><!-- close content main div --><\/div><\/div><div id='full_slider_2'  class='avia-fullwidth-slider main_color avia-shadow  av-desktop-hide  avia-builder-el-14  el_after_av_one_fifth  el_before_av_textblock   slider-not-first container_wrap sidebar_right' style=' '  ><div   data-size='no scaling'  data-lightbox_size='large'  data-animation='slide'  data-conditional_play=''  data-ids='325'  data-video_counter='0'  data-autoplay='false'  data-bg_slider='false'  data-slide_height=''  data-handle='av_slideshow_full'  data-interval='5'  data-class=' '  data-el_id=''  data-css_id=''  data-scroll_down=''  data-control_layout='av-control-default'  data-custom_markup=''  data-perma_caption=''  data-autoplay_stopper=''  data-image_attachment=''  data-min_height='0px'  data-lazy_loading='disabled'  data-src=''  data-position='top left'  data-repeat='no-repeat'  data-attach='scroll'  data-stretch=''  class='avia-slideshow avia-slideshow-2  av-control-default av-default-height-applied avia-slideshow-no scaling av_slideshow_full   avia-slide-slider '  itemprop=\"image\" itemscope=\"itemscope\" itemtype=\"https:\/\/schema.org\/ImageObject\" ><ul class='avia-slideshow-inner ' style='padding-bottom: 66.6796875%;' ><li  class=' av-single-slide slide-1 ' ><div data-rel='slideshow-2' class='avia-slide-wrap '   ><img class=\"wp-image-667 avia-img-lazy-loading-not-667\"  src=\"https:\/\/children-capital.eu\/wp-content\/uploads\/2021\/01\/long-shot-kids-jumping-together.jpg\" width=\"2560\" height=\"1707\" title='Children jumping together' alt=''  itemprop=\"thumbnailUrl\" srcset=\"https:\/\/children-capital.eu\/wp-content\/uploads\/2021\/01\/long-shot-kids-jumping-together.jpg 2560w, https:\/\/children-capital.eu\/wp-content\/uploads\/2021\/01\/long-shot-kids-jumping-together-300x200.jpg 300w, https:\/\/children-capital.eu\/wp-content\/uploads\/2021\/01\/long-shot-kids-jumping-together-1030x687.jpg 1030w, https:\/\/children-capital.eu\/wp-content\/uploads\/2021\/01\/long-shot-kids-jumping-together-768x512.jpg 768w, https:\/\/children-capital.eu\/wp-content\/uploads\/2021\/01\/long-shot-kids-jumping-together-1536x1024.jpg 1536w, https:\/\/children-capital.eu\/wp-content\/uploads\/2021\/01\/long-shot-kids-jumping-together-2048x1366.jpg 2048w, https:\/\/children-capital.eu\/wp-content\/uploads\/2021\/01\/long-shot-kids-jumping-together-1500x1000.jpg 1500w, https:\/\/children-capital.eu\/wp-content\/uploads\/2021\/01\/long-shot-kids-jumping-together-705x470.jpg 705w\" sizes=\"(max-width: 2560px) 100vw, 2560px\" \/><\/div><\/li><\/ul><\/div><\/div><div id='after_full_slider_2'  class='main_color av_default_container_wrap container_wrap sidebar_right' style=' '  ><div class='container' ><div class='template-page content  av-content-small alpha units'><div class='post-entry post-entry-type-page post-entry-803'><div class='entry-content-wrapper clearfix'>\n<section class=\"av_textblock_section  av-desktop-hide\"  itemscope=\"itemscope\" itemtype=\"https:\/\/schema.org\/CreativeWork\" ><div class='avia_textblock  '   itemprop=\"text\" ><p style=\"font-size: 12px;\">In Deutsch\u00adland leben rund <strong>10,5 Millionen Kinder unter 14 Jahren<\/strong>, das sind <strong>12 Prozent der Bev\u00f6lkerung<\/strong>, weitere drei Millionen sind 14 bis 17 Jahre alt.<\/p>\n<\/div><\/section>\n<div class='flex_column_table av-equal-height-column-flextable -flextable' ><div class=\"flex_column av_two_third  av-hide-on-mobile  flex_column_table_cell av-equal-height-column av-align-middle first  avia-builder-el-16  el_after_av_textblock  el_before_av_one_fifth  column-top-margin\" style='padding:0px 0px 0px 100px ; border-radius:0px; '><div  class='avia-image-container  av-styling-    avia-builder-el-17  avia-builder-el-no-sibling  avia-align-center '  itemprop=\"image\" itemscope=\"itemscope\" itemtype=\"https:\/\/schema.org\/ImageObject\"  ><div class='avia-image-container-inner'><div class='avia-image-overlay-wrap'><img class='wp-image-667 avia-img-lazy-loading-not-667 avia_image' src=\"https:\/\/children-capital.eu\/wp-content\/uploads\/2021\/01\/long-shot-kids-jumping-together.jpg\" alt='' title='Children jumping together' height=\"1707\" width=\"2560\"  itemprop=\"thumbnailUrl\" srcset=\"https:\/\/children-capital.eu\/wp-content\/uploads\/2021\/01\/long-shot-kids-jumping-together.jpg 2560w, https:\/\/children-capital.eu\/wp-content\/uploads\/2021\/01\/long-shot-kids-jumping-together-300x200.jpg 300w, https:\/\/children-capital.eu\/wp-content\/uploads\/2021\/01\/long-shot-kids-jumping-together-1030x687.jpg 1030w, https:\/\/children-capital.eu\/wp-content\/uploads\/2021\/01\/long-shot-kids-jumping-together-768x512.jpg 768w, https:\/\/children-capital.eu\/wp-content\/uploads\/2021\/01\/long-shot-kids-jumping-together-1536x1024.jpg 1536w, https:\/\/children-capital.eu\/wp-content\/uploads\/2021\/01\/long-shot-kids-jumping-together-2048x1366.jpg 2048w, https:\/\/children-capital.eu\/wp-content\/uploads\/2021\/01\/long-shot-kids-jumping-together-1500x1000.jpg 1500w, https:\/\/children-capital.eu\/wp-content\/uploads\/2021\/01\/long-shot-kids-jumping-together-705x470.jpg 705w\" sizes=\"(max-width: 2560px) 100vw, 2560px\" \/><\/div><\/div><\/div><\/div><div class='av-flex-placeholder'><\/div><div class=\"flex_column av_one_fifth  av-hide-on-mobile  flex_column_table_cell av-equal-height-column av-align-middle av-zero-column-padding   avia-builder-el-18  el_after_av_two_third  el_before_av_masonry_entries  avia-builder-el-last  column-top-margin\" style='border-radius:0px; '><section class=\"av_textblock_section \"  itemscope=\"itemscope\" itemtype=\"https:\/\/schema.org\/CreativeWork\" ><div class='avia_textblock  '   itemprop=\"text\" ><p>In Germany there are <strong>10,5 million children under 14 years<\/strong>, that is 1<strong>2 percent of the population<\/strong>, another 3 million are from 14 to 17 years old.&#13;<br \/>\n&#13;<br \/>\n<em>\u00a0<\/em><\/p>\n<\/div><\/section><\/div><\/div><!--close column table wrapper. Autoclose: 1 --><div id='av-masonry-1' class='av-masonry  noHover av-fixed-size av-no-gap av-hover-overlay-fade_out av-masonry-animation-active av-masonry-col-flexible av-caption-always av-caption-style-overlay    ' style='background-color:#757575; ' ><div class='av-masonry-container isotope av-js-disabled ' ><div class='av-masonry-entry isotope-item av-masonry-item-no-image all_sort news-2021_sort  news-2021-en_sort '><\/div><a href=\"https:\/\/children-capital.eu\/en\/letter-to-school-classes-in-europe\/\"  id='av-masonry-1-item-1129' data-av-masonry-item='1129' class='av-masonry-entry isotope-item post-1129 post type-post status-publish format-standard has-post-thumbnail hentry category-news-2021 category-news-2021-en all_sort news-2021_sort  news-2021-en_sort  av-masonry-item-with-image' title=\"cc-news-default\"  itemscope=\"itemscope\" itemtype=\"https:\/\/schema.org\/CreativeWork\" ><div class='av-inner-masonry-sizer'><\/div><figure class='av-inner-masonry main_color'><div class=\"av-masonry-outerimage-container\"><div class=\"av-masonry-image-container\" style=\"background-image: url(https:\/\/children-capital.eu\/wp-content\/uploads\/2021\/05\/cc-news-default-705x705.jpg);\" title=\"cc-news-default\" ><\/div><\/div><figcaption class='av-inner-masonry-content site-background'><div class='av-inner-masonry-content-pos'><div class='av-inner-masonry-content-pos-content'><div class='avia-arrow'><\/div><h3 class='av-masonry-entry-title entry-title '  itemprop=\"headline\" >Letter to school classes in Europe<\/h3><span class='av-masonry-date meta-color updated'>27. September 2021<\/span><span class=\"av-masonry-text-sep text-sep-author\">\/<\/span><span class='av-masonry-author meta-color author'><span class='fn'>by 4dmin<\/span><\/span><\/div><\/div><\/figcaption><\/figure><\/a><!--end av-masonry entry--><\/div><\/div><\/p>\n","protected":false},"excerpt":{"rendered":"","protected":false},"author":1,"featured_media":0,"parent":0,"menu_order":7,"comment_status":"closed","ping_status":"closed","template":"","meta":[],"_links":{"self":[{"href":"https:\/\/children-capital.eu\/en\/wp-json\/wp\/v2\/pages\/803"}],"collection":[{"href":"https:\/\/children-capital.eu\/en\/wp-json\/wp\/v2\/pages"}],"about":[{"href":"https:\/\/children-capital.eu\/en\/wp-json\/wp\/v2\/types\/page"}],"author":[{"embeddable":true,"href":"https:\/\/children-capital.eu\/en\/wp-json\/wp\/v2\/users\/1"}],"replies":[{"embeddable":true,"href":"https:\/\/children-capital.eu\/en\/wp-json\/wp\/v2\/comments?post=803"}],"version-history":[{"count":9,"href":"https:\/\/children-capital.eu\/en\/wp-json\/wp\/v2\/pages\/803\/revisions"}],"predecessor-version":[{"id":813,"href":"https:\/\/children-capital.eu\/en\/wp-json\/wp\/v2\/pages\/803\/revisions\/813"}],"wp:attachment":[{"href":"https:\/\/children-capital.eu\/en\/wp-json\/wp\/v2\/media?parent=803"}],"curies":[{"name":"wp","href":"https:\/\/api.w.org\/{rel}","templated":true}]}}